{"id":4590,"date":"2025-02-03T08:00:25","date_gmt":"2025-02-03T08:00:25","guid":{"rendered":"https:\/\/shop.fcr1899.com\/product\/short-officiel-des-joueurs-porte-125-ans\/"},"modified":"2025-05-06T13:00:44","modified_gmt":"2025-05-06T13:00:44","slug":"short-officiel-des-joueurs-porte-125-ans","status":"publish","type":"product","link":"https:\/\/shop.fcr1899.com\/tr\/boutique\/festival-teklifi\/short-officiel-des-joueurs-porte-125-ans\/","title":{"rendered":"RESMI\u0307 OYUNCU \u015eORTLARI &#8211; 125 YIL"},"content":{"rendered":"","protected":false},"excerpt":{"rendered":"<p><b>RESMI\u0307 OYUNCU \u015eORTLARI &#8211; 125 YIL <\/b><\/p>\n<p>\u0130stisnai indirimli fiyat sadece birka\u00e7 g\u00fcn i\u00e7indir, sonras\u0131nda fiyatta indirim yap\u0131lmayacakt\u0131r<\/p>\n<p>Sezonun son ma\u00e7lar\u0131nda FC ROUEN 1899 oyuncusu taraf\u0131ndan giyilen ve imzalanan bir \u00e7ift \u015eORT sat\u0131n alma \u015fans\u0131n\u0131 yakalay\u0131n. <\/p>\n<p><b>DI\u0307KKAT SON DERECE SINIRLI SAYIDA !<\/b><\/p>\n<p>Rastgele se\u00e7ilen bir \u00e7ift \u015fort alacaks\u0131n\u0131z. Ma\u00e7lar hen\u00fcz ba\u015flamad\u0131\u011f\u0131 ve hangi oyuncular\u0131n se\u00e7ilece\u011fini bilmedi\u011fimiz i\u00e7in hangi oyuncular\u0131n oynayaca\u011f\u0131n\u0131 tahmin edemiyoruz. <\/p>\n<p>T\u00fcm \u00f6n sipari\u015fler May\u0131s ay\u0131 ba\u015f\u0131ndan itibaren teslim edilecektir.<\/p>\n","protected":false},"featured_media":5388,"template":"","meta":{"_acf_changed":false},"product_brand":[],"product_cat":[311],"product_tag":[],"class_list":{"0":"post-4590","1":"product","2":"type-product","3":"status-publish","4":"has-post-thumbnail","6":"product_cat-festival-teklifi","7":"product_shipping_class-nomal-shipping-tr","9":"first","10":"instock","11":"sale","12":"taxable","13":"shipping-taxable","14":"purchasable","15":"product-type-variable","16":"has-default-attributes","17":"add-to-wishlist-before_image"},"acf":[],"_links":{"self":[{"href":"https:\/\/shop.fcr1899.com\/tr\/wp-json\/wp\/v2\/product\/4590","targetHints":{"allow":["GET"]}}],"collection":[{"href":"https:\/\/shop.fcr1899.com\/tr\/wp-json\/wp\/v2\/product"}],"about":[{"href":"https:\/\/shop.fcr1899.com\/tr\/wp-json\/wp\/v2\/types\/product"}],"wp:featuredmedia":[{"embeddable":true,"href":"https:\/\/shop.fcr1899.com\/tr\/wp-json\/wp\/v2\/media\/5388"}],"wp:attachment":[{"href":"https:\/\/shop.fcr1899.com\/tr\/wp-json\/wp\/v2\/media?parent=4590"}],"wp:term":[{"taxonomy":"product_brand","embeddable":true,"href":"https:\/\/shop.fcr1899.com\/tr\/wp-json\/wp\/v2\/product_brand?post=4590"},{"taxonomy":"product_cat","embeddable":true,"href":"https:\/\/shop.fcr1899.com\/tr\/wp-json\/wp\/v2\/product_cat?post=4590"},{"taxonomy":"product_tag","embeddable":true,"href":"https:\/\/shop.fcr1899.com\/tr\/wp-json\/wp\/v2\/product_tag?post=4590"}],"curies":[{"name":"wp","href":"https:\/\/api.w.org\/{rel}","templated":true}]}}