{"id":4580,"date":"2025-02-03T08:01:21","date_gmt":"2025-02-03T08:01:21","guid":{"rendered":"https:\/\/shop.fcr1899.com\/product\/maillot-officiel-des-joueurs-porte-125-ans\/"},"modified":"2025-05-06T12:55:55","modified_gmt":"2025-05-06T12:55:55","slug":"maillot-officiel-des-joueurs-porte-125-ans","status":"publish","type":"product","link":"https:\/\/shop.fcr1899.com\/tr\/boutique\/festival-teklifi\/maillot-officiel-des-joueurs-porte-125-ans\/","title":{"rendered":"RESMI\u0307 OYUNCU FORMASI GI\u0307YI\u0307LDI\u0307 &#8211; 125 YIL"},"content":{"rendered":"","protected":false},"excerpt":{"rendered":"<p><b>RESMI\u0307 OYUNCU FORMASI GI\u0307YI\u0307LDI\u0307 &#8211; 125 YIL <\/b><\/p>\n<p>\u0130stisnai indirimli fiyat sadece birka\u00e7 g\u00fcn i\u00e7indir, sonras\u0131nda fiyatta indirim yap\u0131lmayacakt\u0131r<\/p>\n<p>FC ROUEN 1899&#8217;un bir oyuncusu taraf\u0131ndan sezonun son ma\u00e7lar\u0131nda giyilmi\u015f ve imzalanm\u0131\u015f bir RESM\u0130 FORMA sat\u0131n alma \u015fans\u0131na sahip olun. <\/p>\n<p>T\u00fcr\u00fcn\u00fcn tek \u00f6rne\u011fi olan bu forma, sezonun son ma\u00e7lar\u0131 i\u00e7in tasarlanm\u0131\u015f benzersiz bir yama i\u00e7erecek. <\/p>\n<p>DI\u0307KKAT SON DERECE SINIRLI SAYIDA!<\/p>\n<p>Rastgele se\u00e7ilmi\u015f bir forma alacaks\u0131n\u0131z, ma\u00e7lar hala devam etti\u011fi ve hangi kadronun se\u00e7ilece\u011fini bilmedi\u011fimiz i\u00e7in hangi oyuncular\u0131n oynayaca\u011f\u0131n\u0131 tahmin edemiyoruz. <\/p>\n<p>Verilen t\u00fcm \u00f6n sipari\u015fler May\u0131s ay\u0131 ba\u015f\u0131ndan itibaren teslim edilecektir.<\/p>\n","protected":false},"featured_media":5375,"template":"","meta":{"_acf_changed":false},"product_brand":[],"product_cat":[311],"product_tag":[],"class_list":{"0":"post-4580","1":"product","2":"type-product","3":"status-publish","4":"has-post-thumbnail","6":"product_cat-festival-teklifi","7":"product_shipping_class-nomal-shipping-tr","9":"first","10":"instock","11":"sale","12":"taxable","13":"shipping-taxable","14":"purchasable","15":"product-type-variable","16":"has-default-attributes","17":"add-to-wishlist-before_image"},"acf":[],"_links":{"self":[{"href":"https:\/\/shop.fcr1899.com\/tr\/wp-json\/wp\/v2\/product\/4580","targetHints":{"allow":["GET"]}}],"collection":[{"href":"https:\/\/shop.fcr1899.com\/tr\/wp-json\/wp\/v2\/product"}],"about":[{"href":"https:\/\/shop.fcr1899.com\/tr\/wp-json\/wp\/v2\/types\/product"}],"wp:featuredmedia":[{"embeddable":true,"href":"https:\/\/shop.fcr1899.com\/tr\/wp-json\/wp\/v2\/media\/5375"}],"wp:attachment":[{"href":"https:\/\/shop.fcr1899.com\/tr\/wp-json\/wp\/v2\/media?parent=4580"}],"wp:term":[{"taxonomy":"product_brand","embeddable":true,"href":"https:\/\/shop.fcr1899.com\/tr\/wp-json\/wp\/v2\/product_brand?post=4580"},{"taxonomy":"product_cat","embeddable":true,"href":"https:\/\/shop.fcr1899.com\/tr\/wp-json\/wp\/v2\/product_cat?post=4580"},{"taxonomy":"product_tag","embeddable":true,"href":"https:\/\/shop.fcr1899.com\/tr\/wp-json\/wp\/v2\/product_tag?post=4580"}],"curies":[{"name":"wp","href":"https:\/\/api.w.org\/{rel}","templated":true}]}}