{"id":4519,"date":"2025-02-03T08:03:15","date_gmt":"2025-02-03T08:03:15","guid":{"rendered":"https:\/\/shop.fcr1899.com\/product\/beret-officiel-125-ans\/"},"modified":"2025-05-06T12:44:57","modified_gmt":"2025-05-06T12:44:57","slug":"beret-officiel-125-ans","status":"publish","type":"product","link":"https:\/\/shop.fcr1899.com\/tr\/boutique\/festival-teklifi\/beret-officiel-125-ans\/","title":{"rendered":"B\u00c9RET OFFICIEL 125 ANS"},"content":{"rendered":"","protected":false},"excerpt":{"rendered":"<p><b>RESMI\u0307 BERE 125 YIL<\/b><\/p>\n<p>Sadece birka\u00e7 g\u00fcn i\u00e7in ola\u011fan\u00fcst\u00fc indirimli fiyat, daha sonra fiyat indirilmeyecektir.<\/p>\n<p>FC ROUEN 1899&#8217;un tarihini yans\u0131tan bere, tarihi taraftar\u0131n g\u00fcn\u00fcm\u00fcz modas\u0131ndaki bir i\u015fareti <\/p>\n","protected":false},"featured_media":5377,"template":"","meta":{"_acf_changed":false},"product_brand":[],"product_cat":[311],"product_tag":[],"class_list":{"0":"post-4519","1":"product","2":"type-product","3":"status-publish","4":"has-post-thumbnail","6":"product_cat-festival-teklifi","7":"product_shipping_class-nomal-shipping-tr","9":"first","10":"instock","11":"taxable","12":"shipping-taxable","13":"purchasable","14":"product-type-variable","15":"has-default-attributes","16":"add-to-wishlist-before_image"},"acf":[],"_links":{"self":[{"href":"https:\/\/shop.fcr1899.com\/tr\/wp-json\/wp\/v2\/product\/4519","targetHints":{"allow":["GET"]}}],"collection":[{"href":"https:\/\/shop.fcr1899.com\/tr\/wp-json\/wp\/v2\/product"}],"about":[{"href":"https:\/\/shop.fcr1899.com\/tr\/wp-json\/wp\/v2\/types\/product"}],"wp:featuredmedia":[{"embeddable":true,"href":"https:\/\/shop.fcr1899.com\/tr\/wp-json\/wp\/v2\/media\/5377"}],"wp:attachment":[{"href":"https:\/\/shop.fcr1899.com\/tr\/wp-json\/wp\/v2\/media?parent=4519"}],"wp:term":[{"taxonomy":"product_brand","embeddable":true,"href":"https:\/\/shop.fcr1899.com\/tr\/wp-json\/wp\/v2\/product_brand?post=4519"},{"taxonomy":"product_cat","embeddable":true,"href":"https:\/\/shop.fcr1899.com\/tr\/wp-json\/wp\/v2\/product_cat?post=4519"},{"taxonomy":"product_tag","embeddable":true,"href":"https:\/\/shop.fcr1899.com\/tr\/wp-json\/wp\/v2\/product_tag?post=4519"}],"curies":[{"name":"wp","href":"https:\/\/api.w.org\/{rel}","templated":true}]}}