{"id":4503,"date":"2025-02-03T08:04:08","date_gmt":"2025-02-03T08:04:08","guid":{"rendered":"https:\/\/shop.fcr1899.com\/product\/teddy-officiel-125-ans\/"},"modified":"2025-05-06T12:37:35","modified_gmt":"2025-05-06T12:37:35","slug":"teddy-officiel-125-ans","status":"publish","type":"product","link":"https:\/\/shop.fcr1899.com\/tr\/boutique\/festival-teklifi\/teddy-officiel-125-ans\/","title":{"rendered":"TEDDY OFFICIEL 125 ANS"},"content":{"rendered":"","protected":false},"excerpt":{"rendered":"<p><b>RESMI\u0307 TEDDY 125 YIL<\/b><\/p>\n<p>Sadece birka\u00e7 g\u00fcn i\u00e7in ola\u011fan\u00fcst\u00fc indirimli fiyat, daha sonra fiyat indirilmeyecektir.<\/p>\n<p>Teddy, bug\u00fcn\u00fcn tarihi ve \u015f\u0131k taraftar\u0131n\u0131n i\u015fareti olan FC ROUEN 1899&#8217;un tarihini yeniden canland\u0131r\u0131yor.<\/p>\n","protected":false},"featured_media":5366,"template":"","meta":{"_acf_changed":false},"product_brand":[],"product_cat":[311],"product_tag":[326],"class_list":{"0":"post-4503","1":"product","2":"type-product","3":"status-publish","4":"has-post-thumbnail","6":"product_cat-festival-teklifi","7":"product_tag-125-yil","8":"product_shipping_class-nomal-shipping-tr","10":"first","11":"instock","12":"sale","13":"taxable","14":"shipping-taxable","15":"purchasable","16":"product-type-variable","17":"has-default-attributes","18":"add-to-wishlist-before_image"},"acf":[],"_links":{"self":[{"href":"https:\/\/shop.fcr1899.com\/tr\/wp-json\/wp\/v2\/product\/4503","targetHints":{"allow":["GET"]}}],"collection":[{"href":"https:\/\/shop.fcr1899.com\/tr\/wp-json\/wp\/v2\/product"}],"about":[{"href":"https:\/\/shop.fcr1899.com\/tr\/wp-json\/wp\/v2\/types\/product"}],"wp:featuredmedia":[{"embeddable":true,"href":"https:\/\/shop.fcr1899.com\/tr\/wp-json\/wp\/v2\/media\/5366"}],"wp:attachment":[{"href":"https:\/\/shop.fcr1899.com\/tr\/wp-json\/wp\/v2\/media?parent=4503"}],"wp:term":[{"taxonomy":"product_brand","embeddable":true,"href":"https:\/\/shop.fcr1899.com\/tr\/wp-json\/wp\/v2\/product_brand?post=4503"},{"taxonomy":"product_cat","embeddable":true,"href":"https:\/\/shop.fcr1899.com\/tr\/wp-json\/wp\/v2\/product_cat?post=4503"},{"taxonomy":"product_tag","embeddable":true,"href":"https:\/\/shop.fcr1899.com\/tr\/wp-json\/wp\/v2\/product_tag?post=4503"}],"curies":[{"name":"wp","href":"https:\/\/api.w.org\/{rel}","templated":true}]}}