{"id":4477,"date":"2025-02-03T08:05:35","date_gmt":"2025-02-03T08:05:35","guid":{"rendered":"https:\/\/shop.fcr1899.com\/product\/short-officiel-125-ans\/"},"modified":"2025-05-06T12:20:16","modified_gmt":"2025-05-06T12:20:16","slug":"short-officiel-125-ans","status":"publish","type":"product","link":"https:\/\/shop.fcr1899.com\/tr\/boutique\/festival-teklifi\/short-officiel-125-ans\/","title":{"rendered":"SHORT OFFICIEL 125 ANS"},"content":{"rendered":"","protected":false},"excerpt":{"rendered":"<p><b>RESMI 125. YILD\u00d6N\u00dcM\u00dc KISA FILMI <\/b><\/p>\n<p>Ola\u011fan\u00fcst\u00fc indirimli fiyat sadece birka\u00e7 g\u00fcn i\u00e7indir, sonras\u0131nda fiyatta indirim yap\u0131lmayacakt\u0131r.<\/p>\n<p>\u015eort FC ROUEN 125. y\u0131ld\u00f6n\u00fcm\u00fc formas\u0131yla uyumludur \u201d<\/p>\n","protected":false},"featured_media":5272,"template":"","meta":{"_acf_changed":false},"product_brand":[],"product_cat":[311],"product_tag":[],"class_list":{"0":"post-4477","1":"product","2":"type-product","3":"status-publish","4":"has-post-thumbnail","6":"product_cat-festival-teklifi","7":"product_shipping_class-nomal-shipping-tr","9":"first","10":"instock","11":"sale","12":"taxable","13":"shipping-taxable","14":"purchasable","15":"product-type-variable","16":"has-default-attributes","17":"add-to-wishlist-before_image"},"acf":[],"_links":{"self":[{"href":"https:\/\/shop.fcr1899.com\/tr\/wp-json\/wp\/v2\/product\/4477","targetHints":{"allow":["GET"]}}],"collection":[{"href":"https:\/\/shop.fcr1899.com\/tr\/wp-json\/wp\/v2\/product"}],"about":[{"href":"https:\/\/shop.fcr1899.com\/tr\/wp-json\/wp\/v2\/types\/product"}],"wp:featuredmedia":[{"embeddable":true,"href":"https:\/\/shop.fcr1899.com\/tr\/wp-json\/wp\/v2\/media\/5272"}],"wp:attachment":[{"href":"https:\/\/shop.fcr1899.com\/tr\/wp-json\/wp\/v2\/media?parent=4477"}],"wp:term":[{"taxonomy":"product_brand","embeddable":true,"href":"https:\/\/shop.fcr1899.com\/tr\/wp-json\/wp\/v2\/product_brand?post=4477"},{"taxonomy":"product_cat","embeddable":true,"href":"https:\/\/shop.fcr1899.com\/tr\/wp-json\/wp\/v2\/product_cat?post=4477"},{"taxonomy":"product_tag","embeddable":true,"href":"https:\/\/shop.fcr1899.com\/tr\/wp-json\/wp\/v2\/product_tag?post=4477"}],"curies":[{"name":"wp","href":"https:\/\/api.w.org\/{rel}","templated":true}]}}