{"id":4422,"date":"2025-02-03T08:06:13","date_gmt":"2025-02-03T08:06:13","guid":{"rendered":"https:\/\/shop.fcr1899.com\/product\/maillot-officiel-125-ans-edition-limitee\/"},"modified":"2025-11-10T13:27:33","modified_gmt":"2025-11-10T13:27:33","slug":"maillot-officiel-125-ans-edition-limitee","status":"publish","type":"product","link":"https:\/\/shop.fcr1899.com\/tr\/boutique\/festival-teklifi\/maillot-officiel-125-ans-edition-limitee\/","title":{"rendered":"MAILLOT OFFICIEL 125 ANS &#8211; \u00c9DITION LIMIT\u00c9E"},"content":{"rendered":"","protected":false},"excerpt":{"rendered":"<p><b>RESMI\u0307 125. YIL D\u00d6N\u00dcM\u00dc FORMASI &#8211; SINIRLI SAYIDA<\/b><\/p>\n<p>S\u0131n\u0131rl\u0131 say\u0131da 1.899 adet <\/p>\n<p>Sadece birka\u00e7 g\u00fcn i\u00e7in istisnai indirimli \u00fccret, sonras\u0131nda \u00fccret indirilmeyecektir<\/p>\n","protected":false},"featured_media":5521,"template":"","meta":{"_acf_changed":false},"product_brand":[],"product_cat":[311],"product_tag":[],"class_list":{"0":"post-4422","1":"product","2":"type-product","3":"status-publish","4":"has-post-thumbnail","6":"product_cat-festival-teklifi","7":"product_shipping_class-nomal-shipping-tr","9":"first","10":"instock","11":"sale","12":"taxable","13":"shipping-taxable","14":"purchasable","15":"product-type-variable","16":"has-default-attributes","17":"add-to-wishlist-before_image"},"acf":[],"_links":{"self":[{"href":"https:\/\/shop.fcr1899.com\/tr\/wp-json\/wp\/v2\/product\/4422","targetHints":{"allow":["GET"]}}],"collection":[{"href":"https:\/\/shop.fcr1899.com\/tr\/wp-json\/wp\/v2\/product"}],"about":[{"href":"https:\/\/shop.fcr1899.com\/tr\/wp-json\/wp\/v2\/types\/product"}],"wp:featuredmedia":[{"embeddable":true,"href":"https:\/\/shop.fcr1899.com\/tr\/wp-json\/wp\/v2\/media\/5521"}],"wp:attachment":[{"href":"https:\/\/shop.fcr1899.com\/tr\/wp-json\/wp\/v2\/media?parent=4422"}],"wp:term":[{"taxonomy":"product_brand","embeddable":true,"href":"https:\/\/shop.fcr1899.com\/tr\/wp-json\/wp\/v2\/product_brand?post=4422"},{"taxonomy":"product_cat","embeddable":true,"href":"https:\/\/shop.fcr1899.com\/tr\/wp-json\/wp\/v2\/product_cat?post=4422"},{"taxonomy":"product_tag","embeddable":true,"href":"https:\/\/shop.fcr1899.com\/tr\/wp-json\/wp\/v2\/product_tag?post=4422"}],"curies":[{"name":"wp","href":"https:\/\/api.w.org\/{rel}","templated":true}]}}