{"id":3384,"date":"2025-02-03T08:41:10","date_gmt":"2025-02-03T08:41:10","guid":{"rendered":"https:\/\/shop.fcr1899.com\/product\/short-third-officiel\/"},"modified":"2025-03-05T08:39:41","modified_gmt":"2025-03-05T08:39:41","slug":"kisa-ucuncu-officiel","status":"publish","type":"product","link":"https:\/\/shop.fcr1899.com\/tr\/boutique\/kadinlar\/resmi-gomlek-koleksiyonu-kadinlar\/kisa-ucuncu-officiel\/","title":{"rendered":"K\u0131sa \u00dc\u00e7\u00fcnc\u00fc Officiel"},"content":{"rendered":"","protected":false},"excerpt":{"rendered":"<p><b>FC ROUEN 1899 \u00dc\u00e7\u00fcnc\u00fc Forma \u015eortu &#8211; 2024-2025 \u00d6zel S\u00fcr\u00fcm<\/b><\/p>\n<p><b>Siyah \u015eort:<\/b> F.C.R 1899 logosuyla canl\u0131 ve dinamik tasar\u0131m. Nefes alabilen polyesterden \u00fcretilmi\u015ftir, antrenman ve ma\u00e7lar i\u00e7in idealdir.<\/p>\n","protected":false},"featured_media":2479,"template":"","meta":{"_acf_changed":false},"product_brand":[],"product_cat":[203,198,202,201],"product_tag":[300],"class_list":{"0":"post-3384","1":"product","2":"type-product","3":"status-publish","4":"has-post-thumbnail","6":"product_cat-resmi-gomlek-koleksiyonu-kadinlar","7":"product_cat-erkekler","8":"product_cat-kadinlar","9":"product_cat-resmi-gomlek-koleksiyonu","10":"product_tag-kisa","11":"product_shipping_class-nomal-shipping-tr","13":"first","14":"instock","15":"taxable","16":"shipping-taxable","17":"purchasable","18":"product-type-variable","19":"has-default-attributes","20":"add-to-wishlist-before_image"},"acf":[],"_links":{"self":[{"href":"https:\/\/shop.fcr1899.com\/tr\/wp-json\/wp\/v2\/product\/3384","targetHints":{"allow":["GET"]}}],"collection":[{"href":"https:\/\/shop.fcr1899.com\/tr\/wp-json\/wp\/v2\/product"}],"about":[{"href":"https:\/\/shop.fcr1899.com\/tr\/wp-json\/wp\/v2\/types\/product"}],"wp:featuredmedia":[{"embeddable":true,"href":"https:\/\/shop.fcr1899.com\/tr\/wp-json\/wp\/v2\/media\/2479"}],"wp:attachment":[{"href":"https:\/\/shop.fcr1899.com\/tr\/wp-json\/wp\/v2\/media?parent=3384"}],"wp:term":[{"taxonomy":"product_brand","embeddable":true,"href":"https:\/\/shop.fcr1899.com\/tr\/wp-json\/wp\/v2\/product_brand?post=3384"},{"taxonomy":"product_cat","embeddable":true,"href":"https:\/\/shop.fcr1899.com\/tr\/wp-json\/wp\/v2\/product_cat?post=3384"},{"taxonomy":"product_tag","embeddable":true,"href":"https:\/\/shop.fcr1899.com\/tr\/wp-json\/wp\/v2\/product_tag?post=3384"}],"curies":[{"name":"wp","href":"https:\/\/api.w.org\/{rel}","templated":true}]}}