{"id":3350,"date":"2025-02-03T08:43:08","date_gmt":"2025-02-03T08:43:08","guid":{"rendered":"https:\/\/shop.fcr1899.com\/product\/short-domicile-officiel\/"},"modified":"2025-03-05T08:32:34","modified_gmt":"2025-03-05T08:32:34","slug":"resmi-ev-sortlari","status":"publish","type":"product","link":"https:\/\/shop.fcr1899.com\/tr\/boutique\/kadinlar\/resmi-gomlek-koleksiyonu-kadinlar\/resmi-ev-sortlari\/","title":{"rendered":"Resmi Ev \u015eortlar\u0131"},"content":{"rendered":"","protected":false},"excerpt":{"rendered":"<p><b>FC ROUEN 1899 \u0130\u00e7 Saha \u015eortu &#8211; 2024-2025 \u00d6zel S\u00fcr\u00fcm<\/b><\/p>\n<p><b>K\u0131rm\u0131z\u0131 \u015eort:<\/b> F.C.R 1899 logosuyla canl\u0131 ve dinamik tasar\u0131m. Nefes alabilen polyesterden \u00fcretilmi\u015ftir, antrenman ve ma\u00e7lar i\u00e7in idealdir.<\/p>\n","protected":false},"featured_media":2453,"template":"","meta":{"_acf_changed":false},"product_brand":[],"product_cat":[198,203,202,201],"product_tag":[300],"class_list":{"0":"post-3350","1":"product","2":"type-product","3":"status-publish","4":"has-post-thumbnail","6":"product_cat-erkekler","7":"product_cat-resmi-gomlek-koleksiyonu-kadinlar","8":"product_cat-kadinlar","9":"product_cat-resmi-gomlek-koleksiyonu","10":"product_tag-kisa","11":"product_shipping_class-nomal-shipping-tr","13":"first","14":"outofstock","15":"taxable","16":"shipping-taxable","17":"purchasable","18":"product-type-variable","19":"has-default-attributes","20":"add-to-wishlist-before_image"},"acf":[],"_links":{"self":[{"href":"https:\/\/shop.fcr1899.com\/tr\/wp-json\/wp\/v2\/product\/3350","targetHints":{"allow":["GET"]}}],"collection":[{"href":"https:\/\/shop.fcr1899.com\/tr\/wp-json\/wp\/v2\/product"}],"about":[{"href":"https:\/\/shop.fcr1899.com\/tr\/wp-json\/wp\/v2\/types\/product"}],"wp:featuredmedia":[{"embeddable":true,"href":"https:\/\/shop.fcr1899.com\/tr\/wp-json\/wp\/v2\/media\/2453"}],"wp:attachment":[{"href":"https:\/\/shop.fcr1899.com\/tr\/wp-json\/wp\/v2\/media?parent=3350"}],"wp:term":[{"taxonomy":"product_brand","embeddable":true,"href":"https:\/\/shop.fcr1899.com\/tr\/wp-json\/wp\/v2\/product_brand?post=3350"},{"taxonomy":"product_cat","embeddable":true,"href":"https:\/\/shop.fcr1899.com\/tr\/wp-json\/wp\/v2\/product_cat?post=3350"},{"taxonomy":"product_tag","embeddable":true,"href":"https:\/\/shop.fcr1899.com\/tr\/wp-json\/wp\/v2\/product_tag?post=3350"}],"curies":[{"name":"wp","href":"https:\/\/api.w.org\/{rel}","templated":true}]}}