{"id":3318,"date":"2025-02-03T08:44:17","date_gmt":"2025-02-03T08:44:17","guid":{"rendered":"https:\/\/shop.fcr1899.com\/product\/maillot-gardien-officiel\/"},"modified":"2025-03-05T08:30:02","modified_gmt":"2025-03-05T08:30:02","slug":"resmi-kaleci-formasi-2","status":"publish","type":"product","link":"https:\/\/shop.fcr1899.com\/tr\/boutique\/kadinlar\/resmi-gomlek-koleksiyonu-kadinlar\/resmi-kaleci-formasi-2\/","title":{"rendered":"Resmi kaleci formas\u0131"},"content":{"rendered":"","protected":false},"excerpt":{"rendered":"<p><b>FC ROUEN 1899 Resmi Kaleci Formas\u0131 \u2013 2024-2025 \u00d6zel S\u00fcr\u00fcm\u00fc<\/b><\/p>\n<p>FC Rouen\u2019a deste\u011finizi bu \u015f\u0131k ye\u015fil forma ile g\u00f6sterin. Hafif ve nefes alabilen yap\u0131s\u0131 sayesinde hem spor hem de g\u00fcnl\u00fck kullan\u0131m i\u00e7in m\u00fckemmel konfor sunar. Kul\u00fcb\u00fcn resmi armas\u0131n\u0131 ve sponsorlar\u0131n\u0131 ta\u015f\u0131r, \u00f6zenle i\u015flenmi\u015f detaylarla tamamlanm\u0131\u015ft\u0131r.<\/p>\n","protected":false},"featured_media":1741,"template":"","meta":{"_acf_changed":false},"product_brand":[],"product_cat":[203,198,202,201],"product_tag":[298],"class_list":{"0":"post-3318","1":"product","2":"type-product","3":"status-publish","4":"has-post-thumbnail","6":"product_cat-resmi-gomlek-koleksiyonu-kadinlar","7":"product_cat-erkekler","8":"product_cat-kadinlar","9":"product_cat-resmi-gomlek-koleksiyonu","10":"product_tag-forma","11":"product_shipping_class-nomal-shipping-tr","13":"first","14":"instock","15":"taxable","16":"shipping-taxable","17":"purchasable","18":"product-type-variable","19":"has-default-attributes","20":"add-to-wishlist-before_image"},"acf":[],"_links":{"self":[{"href":"https:\/\/shop.fcr1899.com\/tr\/wp-json\/wp\/v2\/product\/3318","targetHints":{"allow":["GET"]}}],"collection":[{"href":"https:\/\/shop.fcr1899.com\/tr\/wp-json\/wp\/v2\/product"}],"about":[{"href":"https:\/\/shop.fcr1899.com\/tr\/wp-json\/wp\/v2\/types\/product"}],"wp:featuredmedia":[{"embeddable":true,"href":"https:\/\/shop.fcr1899.com\/tr\/wp-json\/wp\/v2\/media\/1741"}],"wp:attachment":[{"href":"https:\/\/shop.fcr1899.com\/tr\/wp-json\/wp\/v2\/media?parent=3318"}],"wp:term":[{"taxonomy":"product_brand","embeddable":true,"href":"https:\/\/shop.fcr1899.com\/tr\/wp-json\/wp\/v2\/product_brand?post=3318"},{"taxonomy":"product_cat","embeddable":true,"href":"https:\/\/shop.fcr1899.com\/tr\/wp-json\/wp\/v2\/product_cat?post=3318"},{"taxonomy":"product_tag","embeddable":true,"href":"https:\/\/shop.fcr1899.com\/tr\/wp-json\/wp\/v2\/product_tag?post=3318"}],"curies":[{"name":"wp","href":"https:\/\/api.w.org\/{rel}","templated":true}]}}