{"id":3297,"date":"2025-02-03T08:23:55","date_gmt":"2025-02-03T08:23:55","guid":{"rendered":"https:\/\/shop.fcr1899.com\/product\/polo-rouge-fc-rouen-1899\/"},"modified":"2025-03-05T10:11:49","modified_gmt":"2025-03-05T10:11:49","slug":"polo-rouge-fc-rouen-1899","status":"publish","type":"product","link":"https:\/\/shop.fcr1899.com\/tr\/boutique\/erkekler\/moda-koleksiyonu\/polo-rouge-fc-rouen-1899\/","title":{"rendered":"Polo Rouge FC ROUEN 1899"},"content":{"rendered":"","protected":false},"excerpt":{"rendered":"<p><b>K\u0131rm\u0131z\u0131 Polo FC Rouen 1899<\/b><\/p>\n<p>Bu \u00f6zenle tasarlanm\u0131\u015f \u015f\u0131k k\u0131rm\u0131z\u0131 polo ile renklerinizi gururla ta\u015f\u0131y\u0131n. Konfor ve stil sunmak i\u00e7in tasarlanan bu polo, kul\u00fcb\u00fcn ruhuna sad\u0131k kal\u0131rken sofistike bir dokunu\u015f katan ton s\u00fcr ton bask\u0131l\u0131 FC Rouen 1899 logosuna sahiptir. V\u00fccuda oturan kesimi ve nefes alabilen kuma\u015f\u0131yla, hem taraftarlar hem de spor modas\u0131 tutkunlar\u0131 i\u00e7in vazge\u00e7ilmez bir par\u00e7ad\u0131r.<\/p>\n","protected":false},"featured_media":2165,"template":"","meta":{"_acf_changed":false},"product_brand":[],"product_cat":[198,199,202,205],"product_tag":[],"class_list":{"0":"post-3297","1":"product","2":"type-product","3":"status-publish","4":"has-post-thumbnail","6":"product_cat-erkekler","7":"product_cat-moda-koleksiyonu","8":"product_cat-kadinlar","9":"product_cat-moda-koleksiyonu-kadinlar","10":"product_shipping_class-nomal-shipping-tr","12":"first","13":"instock","14":"taxable","15":"shipping-taxable","16":"purchasable","17":"product-type-variable","18":"has-default-attributes","19":"add-to-wishlist-before_image"},"acf":[],"_links":{"self":[{"href":"https:\/\/shop.fcr1899.com\/tr\/wp-json\/wp\/v2\/product\/3297","targetHints":{"allow":["GET"]}}],"collection":[{"href":"https:\/\/shop.fcr1899.com\/tr\/wp-json\/wp\/v2\/product"}],"about":[{"href":"https:\/\/shop.fcr1899.com\/tr\/wp-json\/wp\/v2\/types\/product"}],"wp:featuredmedia":[{"embeddable":true,"href":"https:\/\/shop.fcr1899.com\/tr\/wp-json\/wp\/v2\/media\/2165"}],"wp:attachment":[{"href":"https:\/\/shop.fcr1899.com\/tr\/wp-json\/wp\/v2\/media?parent=3297"}],"wp:term":[{"taxonomy":"product_brand","embeddable":true,"href":"https:\/\/shop.fcr1899.com\/tr\/wp-json\/wp\/v2\/product_brand?post=3297"},{"taxonomy":"product_cat","embeddable":true,"href":"https:\/\/shop.fcr1899.com\/tr\/wp-json\/wp\/v2\/product_cat?post=3297"},{"taxonomy":"product_tag","embeddable":true,"href":"https:\/\/shop.fcr1899.com\/tr\/wp-json\/wp\/v2\/product_tag?post=3297"}],"curies":[{"name":"wp","href":"https:\/\/api.w.org\/{rel}","templated":true}]}}