{"id":3273,"date":"2025-02-03T08:24:38","date_gmt":"2025-02-03T08:24:38","guid":{"rendered":"https:\/\/shop.fcr1899.com\/product\/chemise-125-ans-fc-rouen-1899\/"},"modified":"2025-03-05T10:10:13","modified_gmt":"2025-03-05T10:10:13","slug":"chemise-125-ans-fc-rouen-1899","status":"publish","type":"product","link":"https:\/\/shop.fcr1899.com\/tr\/boutique\/erkekler\/moda-koleksiyonu\/chemise-125-ans-fc-rouen-1899\/","title":{"rendered":"Chemise 125 ans FC ROUEN 1899"},"content":{"rendered":"","protected":false},"excerpt":{"rendered":"<p><b>FC ROUEN 1899 G\u00f6mlek &#8211; 125. Y\u0131l<\/b>  <\/p>\n<p>\u015e\u0131k, uzun kollu beyaz g\u00f6mlek, alt k\u0131sm\u0131nda FC Rouen 1899&#8217;un k\u0131rm\u0131z\u0131 i\u015flenmi\u015f logosuyla s\u00fcslenmi\u015ftir. Klasik yakas\u0131 ve zarif kesimi, \u015f\u0131k ve sportif bir g\u00f6r\u00fcn\u00fcm i\u00e7in ideal bir par\u00e7a yapar.<\/p>\n","protected":false},"featured_media":2156,"template":"","meta":{"_acf_changed":false},"product_brand":[],"product_cat":[198,199,202,205],"product_tag":[],"class_list":{"0":"post-3273","1":"product","2":"type-product","3":"status-publish","4":"has-post-thumbnail","6":"product_cat-erkekler","7":"product_cat-moda-koleksiyonu","8":"product_cat-kadinlar","9":"product_cat-moda-koleksiyonu-kadinlar","10":"product_shipping_class-nomal-shipping-tr","12":"first","13":"instock","14":"taxable","15":"shipping-taxable","16":"purchasable","17":"product-type-variable","18":"has-default-attributes","19":"add-to-wishlist-before_image"},"acf":[],"_links":{"self":[{"href":"https:\/\/shop.fcr1899.com\/tr\/wp-json\/wp\/v2\/product\/3273","targetHints":{"allow":["GET"]}}],"collection":[{"href":"https:\/\/shop.fcr1899.com\/tr\/wp-json\/wp\/v2\/product"}],"about":[{"href":"https:\/\/shop.fcr1899.com\/tr\/wp-json\/wp\/v2\/types\/product"}],"wp:featuredmedia":[{"embeddable":true,"href":"https:\/\/shop.fcr1899.com\/tr\/wp-json\/wp\/v2\/media\/2156"}],"wp:attachment":[{"href":"https:\/\/shop.fcr1899.com\/tr\/wp-json\/wp\/v2\/media?parent=3273"}],"wp:term":[{"taxonomy":"product_brand","embeddable":true,"href":"https:\/\/shop.fcr1899.com\/tr\/wp-json\/wp\/v2\/product_brand?post=3273"},{"taxonomy":"product_cat","embeddable":true,"href":"https:\/\/shop.fcr1899.com\/tr\/wp-json\/wp\/v2\/product_cat?post=3273"},{"taxonomy":"product_tag","embeddable":true,"href":"https:\/\/shop.fcr1899.com\/tr\/wp-json\/wp\/v2\/product_tag?post=3273"}],"curies":[{"name":"wp","href":"https:\/\/api.w.org\/{rel}","templated":true}]}}