{"id":3217,"date":"2025-02-03T08:30:19","date_gmt":"2025-02-03T08:30:19","guid":{"rendered":"https:\/\/shop.fcr1899.com\/product\/sweat-gomlek-fc-rouen-1899-3\/"},"modified":"2025-02-14T07:42:21","modified_gmt":"2025-02-14T07:42:21","slug":"sweat-gomlek-fc-rouen-1899-3","status":"publish","type":"product","link":"https:\/\/shop.fcr1899.com\/tr\/boutique\/erkekler\/moda-koleksiyonu\/sweat-gomlek-fc-rouen-1899-3\/","title":{"rendered":"Sweat &#8211; G\u00f6mlek FC ROUEN 1899"},"content":{"rendered":"","protected":false},"excerpt":{"rendered":"<p>Bu klasik siyah sweatshirt ile F.C.R sevgisini g\u00f6sterin. Rahat ve \u00e7ok y\u00f6nl\u00fc, spor ve g\u00fcnl\u00fck kullan\u0131m i\u00e7in m\u00fckemmeldir.<\/p>\n<p>Yumu\u015fak ve dayan\u0131kl\u0131 malzeme<br \/>\nKlasik ve rahat kesim<br \/>\nG\u00f6ze \u00e7arpmayan F.C.R logosu<\/p>\n<p>F.C.R taraftarlar\u0131 i\u00e7in vazge\u00e7ilmez bir par\u00e7a!<\/p>\n","protected":false},"featured_media":2063,"template":"","meta":{"_acf_changed":false},"product_brand":[],"product_cat":[199,198,202,205],"product_tag":[],"class_list":{"0":"post-3217","1":"product","2":"type-product","3":"status-publish","4":"has-post-thumbnail","6":"product_cat-moda-koleksiyonu","7":"product_cat-erkekler","8":"product_cat-kadinlar","9":"product_cat-moda-koleksiyonu-kadinlar","10":"product_shipping_class-nomal-shipping-tr","12":"first","13":"instock","14":"taxable","15":"shipping-taxable","16":"purchasable","17":"product-type-variable","18":"has-default-attributes","19":"add-to-wishlist-before_image"},"acf":[],"_links":{"self":[{"href":"https:\/\/shop.fcr1899.com\/tr\/wp-json\/wp\/v2\/product\/3217","targetHints":{"allow":["GET"]}}],"collection":[{"href":"https:\/\/shop.fcr1899.com\/tr\/wp-json\/wp\/v2\/product"}],"about":[{"href":"https:\/\/shop.fcr1899.com\/tr\/wp-json\/wp\/v2\/types\/product"}],"wp:featuredmedia":[{"embeddable":true,"href":"https:\/\/shop.fcr1899.com\/tr\/wp-json\/wp\/v2\/media\/2063"}],"wp:attachment":[{"href":"https:\/\/shop.fcr1899.com\/tr\/wp-json\/wp\/v2\/media?parent=3217"}],"wp:term":[{"taxonomy":"product_brand","embeddable":true,"href":"https:\/\/shop.fcr1899.com\/tr\/wp-json\/wp\/v2\/product_brand?post=3217"},{"taxonomy":"product_cat","embeddable":true,"href":"https:\/\/shop.fcr1899.com\/tr\/wp-json\/wp\/v2\/product_cat?post=3217"},{"taxonomy":"product_tag","embeddable":true,"href":"https:\/\/shop.fcr1899.com\/tr\/wp-json\/wp\/v2\/product_tag?post=3217"}],"curies":[{"name":"wp","href":"https:\/\/api.w.org\/{rel}","templated":true}]}}