{"id":3210,"date":"2025-02-03T08:31:54","date_gmt":"2025-02-03T08:31:54","guid":{"rendered":"https:\/\/shop.fcr1899.com\/product\/sweat-gomlek-fc-rouen-1899-2\/"},"modified":"2025-03-05T09:21:19","modified_gmt":"2025-03-05T09:21:19","slug":"sweat-gomlek-fc-rouen-1899-2","status":"publish","type":"product","link":"https:\/\/shop.fcr1899.com\/tr\/boutique\/erkekler\/moda-koleksiyonu\/sweat-gomlek-fc-rouen-1899-2\/","title":{"rendered":"Sweat &#8211; G\u00f6mlek FC ROUEN 1899"},"content":{"rendered":"","protected":false},"excerpt":{"rendered":"<p>F.C.R\u2019ye olan tutkunuzu bu klasik k\u0131rm\u0131z\u0131 sweatshirt ile g\u00f6sterin. Rahat ve \u00e7ok y\u00f6nl\u00fc yap\u0131s\u0131yla hem spor hem de g\u00fcnl\u00fck kullan\u0131m i\u00e7in m\u00fckemmeldir.<\/p>\n<p>Yumu\u015fak &#038; dayan\u0131kl\u0131 malzeme<br \/>\nKlasik &#038; konforlu kesim<br \/>\nG\u00f6ze \u00e7arpmayan F.C.R logosu<\/p>\n<p>F.C.R taraftarlar\u0131 i\u00e7in vazge\u00e7ilmez bir par\u00e7a!<\/p>\n","protected":false},"featured_media":2028,"template":"","meta":{"_acf_changed":false},"product_brand":[],"product_cat":[198,199,202,205],"product_tag":[],"class_list":{"0":"post-3210","1":"product","2":"type-product","3":"status-publish","4":"has-post-thumbnail","6":"product_cat-erkekler","7":"product_cat-moda-koleksiyonu","8":"product_cat-kadinlar","9":"product_cat-moda-koleksiyonu-kadinlar","10":"product_shipping_class-nomal-shipping-tr","12":"first","13":"instock","14":"taxable","15":"shipping-taxable","16":"purchasable","17":"product-type-variable","18":"has-default-attributes","19":"add-to-wishlist-before_image"},"acf":[],"_links":{"self":[{"href":"https:\/\/shop.fcr1899.com\/tr\/wp-json\/wp\/v2\/product\/3210","targetHints":{"allow":["GET"]}}],"collection":[{"href":"https:\/\/shop.fcr1899.com\/tr\/wp-json\/wp\/v2\/product"}],"about":[{"href":"https:\/\/shop.fcr1899.com\/tr\/wp-json\/wp\/v2\/types\/product"}],"wp:featuredmedia":[{"embeddable":true,"href":"https:\/\/shop.fcr1899.com\/tr\/wp-json\/wp\/v2\/media\/2028"}],"wp:attachment":[{"href":"https:\/\/shop.fcr1899.com\/tr\/wp-json\/wp\/v2\/media?parent=3210"}],"wp:term":[{"taxonomy":"product_brand","embeddable":true,"href":"https:\/\/shop.fcr1899.com\/tr\/wp-json\/wp\/v2\/product_brand?post=3210"},{"taxonomy":"product_cat","embeddable":true,"href":"https:\/\/shop.fcr1899.com\/tr\/wp-json\/wp\/v2\/product_cat?post=3210"},{"taxonomy":"product_tag","embeddable":true,"href":"https:\/\/shop.fcr1899.com\/tr\/wp-json\/wp\/v2\/product_tag?post=3210"}],"curies":[{"name":"wp","href":"https:\/\/api.w.org\/{rel}","templated":true}]}}