{"id":3175,"date":"2025-02-03T08:26:16","date_gmt":"2025-02-03T08:26:16","guid":{"rendered":"https:\/\/shop.fcr1899.com\/product\/col-chemine-bleu\/"},"modified":"2025-03-05T10:06:42","modified_gmt":"2025-03-05T10:06:42","slug":"col-chemine-bleu","status":"publish","type":"product","link":"https:\/\/shop.fcr1899.com\/tr\/boutique\/erkekler\/moda-koleksiyonu\/col-chemine-bleu\/","title":{"rendered":"Col Chemin\u00e9 Bleu"},"content":{"rendered":"","protected":false},"excerpt":{"rendered":"<p><b>Y\u00fcksek Yaka Lacivert<\/b><\/p>\n<p>Bu yumu\u015fak \u00f6rg\u00fc kazak, v\u00fccuda oturan y\u00fcksek yakas\u0131 ve zamans\u0131z kesimiyle zarafet ve konforu bir araya getiriyor.<\/p>\n<p>Derin mavi rengi, \u00e7e\u015fitli k\u0131yafetlerle kolayca uyum sa\u011flarken, nerv\u00fcrl\u00fc biti\u015fleri m\u00fckemmel bir uyum garanti eder.<\/p>\n<p>Ton s\u00fcr ton i\u015flenmi\u015f zarif bir logo sofistike bir dokunu\u015f katar. Sonbahar ve k\u0131\u015f i\u00e7in m\u00fckemmel olup hem rahat hem de daha \u015f\u0131k kombinlerle uyum sa\u011flar.<\/p>\n","protected":false},"featured_media":2132,"template":"","meta":{"_acf_changed":false},"product_brand":[],"product_cat":[199,198,202,205],"product_tag":[],"class_list":{"0":"post-3175","1":"product","2":"type-product","3":"status-publish","4":"has-post-thumbnail","6":"product_cat-moda-koleksiyonu","7":"product_cat-erkekler","8":"product_cat-kadinlar","9":"product_cat-moda-koleksiyonu-kadinlar","10":"product_shipping_class-nomal-shipping-tr","12":"first","13":"instock","14":"taxable","15":"shipping-taxable","16":"purchasable","17":"product-type-variable","18":"has-default-attributes","19":"add-to-wishlist-before_image"},"acf":[],"_links":{"self":[{"href":"https:\/\/shop.fcr1899.com\/tr\/wp-json\/wp\/v2\/product\/3175","targetHints":{"allow":["GET"]}}],"collection":[{"href":"https:\/\/shop.fcr1899.com\/tr\/wp-json\/wp\/v2\/product"}],"about":[{"href":"https:\/\/shop.fcr1899.com\/tr\/wp-json\/wp\/v2\/types\/product"}],"wp:featuredmedia":[{"embeddable":true,"href":"https:\/\/shop.fcr1899.com\/tr\/wp-json\/wp\/v2\/media\/2132"}],"wp:attachment":[{"href":"https:\/\/shop.fcr1899.com\/tr\/wp-json\/wp\/v2\/media?parent=3175"}],"wp:term":[{"taxonomy":"product_brand","embeddable":true,"href":"https:\/\/shop.fcr1899.com\/tr\/wp-json\/wp\/v2\/product_brand?post=3175"},{"taxonomy":"product_cat","embeddable":true,"href":"https:\/\/shop.fcr1899.com\/tr\/wp-json\/wp\/v2\/product_cat?post=3175"},{"taxonomy":"product_tag","embeddable":true,"href":"https:\/\/shop.fcr1899.com\/tr\/wp-json\/wp\/v2\/product_tag?post=3175"}],"curies":[{"name":"wp","href":"https:\/\/api.w.org\/{rel}","templated":true}]}}