{"id":3131,"date":"2025-02-03T08:34:55","date_gmt":"2025-02-03T08:34:55","guid":{"rendered":"https:\/\/shop.fcr1899.com\/product\/avant-forma-kibrit-beyazi-halley\/"},"modified":"2025-03-05T08:52:40","modified_gmt":"2025-03-05T08:52:40","slug":"avant-forma-kibrit-beyazi-halley","status":"publish","type":"product","link":"https:\/\/shop.fcr1899.com\/tr\/boutique\/erkekler\/egitim-koleksiyonu\/avant-forma-kibrit-beyazi-halley\/","title":{"rendered":"Avant forma &#8211; Kibrit Beyaz\u0131 &#8211; HALLEY"},"content":{"rendered":"","protected":false},"excerpt":{"rendered":"<p><b>Resmi FC ROUEN 1899 Ma\u00e7 \u00d6ncesi Formas\u0131 \u2013 2024-2025 \u00d6zel Seri<\/b><\/p>\n<p>Konfor ve performans\u0131 bir araya getiren bu resmi F.C.R formas\u0131yla renklerinizi gururla ta\u015f\u0131y\u0131n. V yakal\u0131 ve kollardaki gri detaylarla tasarlanm\u0131\u015f dikkat \u00e7ekici beyaz tasar\u0131m\u0131, zarif ve zamans\u0131z bir g\u00f6r\u00fcn\u00fcm sunar.<\/p>\n<p><b>Nefes alabilen kuma\u015f:<\/b> nemi uzakla\u015ft\u0131rarak optimum konfor sa\u011flar<br \/>\n<b>\u0130\u015flemeli logolar:<\/b> kalp hizas\u0131nda F.C.R armas\u0131, g\u00f6\u011f\u00fcste Macron logosu<br \/>\n<b>Ergonomik kesim:<\/b> spor ve g\u00fcnl\u00fck kullan\u0131m i\u00e7in ideal hareket \u00f6zg\u00fcrl\u00fc\u011f\u00fc<br \/>\n<b>\u0130nce detaylar:<\/b> dokulu bir g\u00f6r\u00fcn\u00fcm i\u00e7in ince dikey \u00e7izgiler<br \/>\n<b>Kolay bak\u0131m:<\/b> 30\u00b0C&#8217;de makinede y\u0131kanabilir, kurutma makinesi kullan\u0131lmaz<\/p>\n<p>FC Rouen hayranlar\u0131 i\u00e7in vazge\u00e7ilmez bir par\u00e7a!<\/p>\n","protected":false},"featured_media":1938,"template":"","meta":{"_acf_changed":false},"product_brand":[],"product_cat":[198,200,202,204],"product_tag":[],"class_list":{"0":"post-3131","1":"product","2":"type-product","3":"status-publish","4":"has-post-thumbnail","6":"product_cat-erkekler","7":"product_cat-egitim-koleksiyonu","8":"product_cat-kadinlar","9":"product_cat-egitim-koleksiyonu-kadinlar","10":"product_shipping_class-nomal-shipping-tr","12":"first","13":"outofstock","14":"taxable","15":"shipping-taxable","16":"purchasable","17":"product-type-variable","18":"has-default-attributes","19":"add-to-wishlist-before_image"},"acf":[],"_links":{"self":[{"href":"https:\/\/shop.fcr1899.com\/tr\/wp-json\/wp\/v2\/product\/3131","targetHints":{"allow":["GET"]}}],"collection":[{"href":"https:\/\/shop.fcr1899.com\/tr\/wp-json\/wp\/v2\/product"}],"about":[{"href":"https:\/\/shop.fcr1899.com\/tr\/wp-json\/wp\/v2\/types\/product"}],"wp:featuredmedia":[{"embeddable":true,"href":"https:\/\/shop.fcr1899.com\/tr\/wp-json\/wp\/v2\/media\/1938"}],"wp:attachment":[{"href":"https:\/\/shop.fcr1899.com\/tr\/wp-json\/wp\/v2\/media?parent=3131"}],"wp:term":[{"taxonomy":"product_brand","embeddable":true,"href":"https:\/\/shop.fcr1899.com\/tr\/wp-json\/wp\/v2\/product_brand?post=3131"},{"taxonomy":"product_cat","embeddable":true,"href":"https:\/\/shop.fcr1899.com\/tr\/wp-json\/wp\/v2\/product_cat?post=3131"},{"taxonomy":"product_tag","embeddable":true,"href":"https:\/\/shop.fcr1899.com\/tr\/wp-json\/wp\/v2\/product_tag?post=3131"}],"curies":[{"name":"wp","href":"https:\/\/api.w.org\/{rel}","templated":true}]}}