{"id":3083,"date":"2025-02-03T08:46:56","date_gmt":"2025-02-03T08:46:56","guid":{"rendered":"https:\/\/shop.fcr1899.com\/product\/maillot-third-officiel-black-eagle\/"},"modified":"2025-08-25T09:56:41","modified_gmt":"2025-08-25T09:56:41","slug":"maillot-third-officiel-black-eagle","status":"publish","type":"product","link":"https:\/\/shop.fcr1899.com\/tr\/boutique\/kadinlar\/resmi-gomlek-koleksiyonu-kadinlar\/maillot-third-officiel-black-eagle\/","title":{"rendered":"Maillot Third Officiel &#8211; Black Eagle"},"content":{"rendered":"","protected":false},"excerpt":{"rendered":"<p><b>FC ROUEN 1899 Resmi \u00dc\u00e7\u00fcnc\u00fc Forma &#8211; 2024-2025 \u00d6zel S\u00fcr\u00fcm\u00fc<\/b><\/p>\n<p>K\u0131rm\u0131z\u0131 \u015eeytanlara olan tutkunuzu bu deplasman formas\u0131yla g\u00f6sterin!<\/p>\n<p><b>\u015e\u0131k Tasar\u0131m:<\/b> Siyah, gri yaka, kul\u00fcb\u00fcn kurulu\u015f tarihi &#8220;1899&#8221; zarif bir \u015fekilde entegre edilmi\u015ftir.<br \/>\n<b>Konfor &#038; Performans:<\/b> Nefes alabilen kuma\u015f, dar kesim, terleme \u00f6nleyici teknoloji.<br \/>\n<b>Otantik Detaylar:<\/b> Kul\u00fcp armas\u0131, resmi sponsorlar, kurulu\u015f tarihi (1899).<\/p>\n","protected":false},"featured_media":2409,"template":"","meta":{"_acf_changed":false},"product_brand":[],"product_cat":[198,203,202,201],"product_tag":[298],"class_list":{"0":"post-3083","1":"product","2":"type-product","3":"status-publish","4":"has-post-thumbnail","6":"product_cat-erkekler","7":"product_cat-resmi-gomlek-koleksiyonu-kadinlar","8":"product_cat-kadinlar","9":"product_cat-resmi-gomlek-koleksiyonu","10":"product_tag-forma","11":"product_shipping_class-nomal-shipping-tr","13":"first","14":"outofstock","15":"taxable","16":"shipping-taxable","17":"purchasable","18":"product-type-variable","19":"has-default-attributes","20":"add-to-wishlist-before_image"},"acf":[],"_links":{"self":[{"href":"https:\/\/shop.fcr1899.com\/tr\/wp-json\/wp\/v2\/product\/3083","targetHints":{"allow":["GET"]}}],"collection":[{"href":"https:\/\/shop.fcr1899.com\/tr\/wp-json\/wp\/v2\/product"}],"about":[{"href":"https:\/\/shop.fcr1899.com\/tr\/wp-json\/wp\/v2\/types\/product"}],"wp:featuredmedia":[{"embeddable":true,"href":"https:\/\/shop.fcr1899.com\/tr\/wp-json\/wp\/v2\/media\/2409"}],"wp:attachment":[{"href":"https:\/\/shop.fcr1899.com\/tr\/wp-json\/wp\/v2\/media?parent=3083"}],"wp:term":[{"taxonomy":"product_brand","embeddable":true,"href":"https:\/\/shop.fcr1899.com\/tr\/wp-json\/wp\/v2\/product_brand?post=3083"},{"taxonomy":"product_cat","embeddable":true,"href":"https:\/\/shop.fcr1899.com\/tr\/wp-json\/wp\/v2\/product_cat?post=3083"},{"taxonomy":"product_tag","embeddable":true,"href":"https:\/\/shop.fcr1899.com\/tr\/wp-json\/wp\/v2\/product_tag?post=3083"}],"curies":[{"name":"wp","href":"https:\/\/api.w.org\/{rel}","templated":true}]}}