{"id":3077,"date":"2025-02-03T08:11:37","date_gmt":"2025-02-03T08:11:37","guid":{"rendered":"https:\/\/shop.fcr1899.com\/product\/plaid\/"},"modified":"2025-03-05T10:19:32","modified_gmt":"2025-03-05T10:19:32","slug":"plaid","status":"publish","type":"product","link":"https:\/\/shop.fcr1899.com\/tr\/boutique\/aksesuarlar\/aksesuar-koleksiyonu\/plaid\/","title":{"rendered":"PLAID"},"content":{"rendered":"","protected":false},"excerpt":{"rendered":"<p><b>Ekose FC Rouen 1899 &#8211; 125. Y\u0131l D\u00f6n\u00fcm\u00fc Bask\u0131s\u0131<\/b><\/p>\n<p>Yumu\u015fak, s\u0131cak k\u0131rm\u0131z\u0131 ekose.<br \/>\nBeyaz renkte i\u015flenmi\u015f kul\u00fcp logosu ve \u201c125 y\u0131l (1899-2024)\u201d yaz\u0131s\u0131.<br \/>\nSerin ak\u015famlar veya tak\u0131m\u0131 evden desteklemek i\u00e7in ideal.<\/p>\n","protected":false},"featured_media":2498,"template":"","meta":{"_acf_changed":false},"product_brand":[],"product_cat":[247,209],"product_tag":[],"class_list":{"0":"post-3077","1":"product","2":"type-product","3":"status-publish","4":"has-post-thumbnail","6":"product_cat-aksesuar-koleksiyonu","7":"product_cat-aksesuarlar","8":"product_shipping_class-nomal-shipping-tr","10":"first","11":"instock","12":"taxable","13":"shipping-taxable","14":"purchasable","15":"product-type-variable","16":"has-default-attributes","17":"add-to-wishlist-before_image"},"acf":[],"_links":{"self":[{"href":"https:\/\/shop.fcr1899.com\/tr\/wp-json\/wp\/v2\/product\/3077","targetHints":{"allow":["GET"]}}],"collection":[{"href":"https:\/\/shop.fcr1899.com\/tr\/wp-json\/wp\/v2\/product"}],"about":[{"href":"https:\/\/shop.fcr1899.com\/tr\/wp-json\/wp\/v2\/types\/product"}],"wp:featuredmedia":[{"embeddable":true,"href":"https:\/\/shop.fcr1899.com\/tr\/wp-json\/wp\/v2\/media\/2498"}],"wp:attachment":[{"href":"https:\/\/shop.fcr1899.com\/tr\/wp-json\/wp\/v2\/media?parent=3077"}],"wp:term":[{"taxonomy":"product_brand","embeddable":true,"href":"https:\/\/shop.fcr1899.com\/tr\/wp-json\/wp\/v2\/product_brand?post=3077"},{"taxonomy":"product_cat","embeddable":true,"href":"https:\/\/shop.fcr1899.com\/tr\/wp-json\/wp\/v2\/product_cat?post=3077"},{"taxonomy":"product_tag","embeddable":true,"href":"https:\/\/shop.fcr1899.com\/tr\/wp-json\/wp\/v2\/product_tag?post=3077"}],"curies":[{"name":"wp","href":"https:\/\/api.w.org\/{rel}","templated":true}]}}