{"id":3038,"date":"2025-02-03T08:28:27","date_gmt":"2025-02-03T08:28:27","guid":{"rendered":"https:\/\/shop.fcr1899.com\/product\/col-chemine-bordeaux\/"},"modified":"2025-03-05T09:50:51","modified_gmt":"2025-03-05T09:50:51","slug":"col-chemine-bordeaux","status":"publish","type":"product","link":"https:\/\/shop.fcr1899.com\/tr\/boutique\/erkekler\/moda-koleksiyonu\/col-chemine-bordeaux\/","title":{"rendered":"Col Chemin\u00e9 Bordeaux"},"content":{"rendered":"","protected":false},"excerpt":{"rendered":"<p><b>Y\u00fcksek Yaka Bordo<\/b><\/p>\n<p>Bu yumu\u015fak \u00f6rg\u00fc kazak, v\u00fccuda oturan y\u00fcksek yakas\u0131 ve zamans\u0131z kesimiyle zarafet ve konforu bir araya getiriyor.<\/p>\n<p>Derin bordo rengi, \u00e7e\u015fitli k\u0131yafetlerle kolayca uyum sa\u011flarken, nerv\u00fcrl\u00fc biti\u015fleri m\u00fckemmel bir uyum garanti eder.<\/p>\n<p>Ton s\u00fcr ton i\u015flenmi\u015f zarif bir logo sofistike bir dokunu\u015f katar. Sonbahar ve k\u0131\u015f i\u00e7in m\u00fckemmel olup hem rahat hem de daha \u015f\u0131k kombinlerle uyum sa\u011flar.<\/p>\n","protected":false},"featured_media":2105,"template":"","meta":{"_acf_changed":false},"product_brand":[],"product_cat":[198,199,202,205],"product_tag":[],"class_list":{"0":"post-3038","1":"product","2":"type-product","3":"status-publish","4":"has-post-thumbnail","6":"product_cat-erkekler","7":"product_cat-moda-koleksiyonu","8":"product_cat-kadinlar","9":"product_cat-moda-koleksiyonu-kadinlar","10":"product_shipping_class-nomal-shipping-tr","12":"first","13":"instock","14":"taxable","15":"shipping-taxable","16":"purchasable","17":"product-type-variable","18":"has-default-attributes","19":"add-to-wishlist-before_image"},"acf":[],"_links":{"self":[{"href":"https:\/\/shop.fcr1899.com\/tr\/wp-json\/wp\/v2\/product\/3038","targetHints":{"allow":["GET"]}}],"collection":[{"href":"https:\/\/shop.fcr1899.com\/tr\/wp-json\/wp\/v2\/product"}],"about":[{"href":"https:\/\/shop.fcr1899.com\/tr\/wp-json\/wp\/v2\/types\/product"}],"wp:featuredmedia":[{"embeddable":true,"href":"https:\/\/shop.fcr1899.com\/tr\/wp-json\/wp\/v2\/media\/2105"}],"wp:attachment":[{"href":"https:\/\/shop.fcr1899.com\/tr\/wp-json\/wp\/v2\/media?parent=3038"}],"wp:term":[{"taxonomy":"product_brand","embeddable":true,"href":"https:\/\/shop.fcr1899.com\/tr\/wp-json\/wp\/v2\/product_brand?post=3038"},{"taxonomy":"product_cat","embeddable":true,"href":"https:\/\/shop.fcr1899.com\/tr\/wp-json\/wp\/v2\/product_cat?post=3038"},{"taxonomy":"product_tag","embeddable":true,"href":"https:\/\/shop.fcr1899.com\/tr\/wp-json\/wp\/v2\/product_tag?post=3038"}],"curies":[{"name":"wp","href":"https:\/\/api.w.org\/{rel}","templated":true}]}}