{"id":3017,"date":"2025-02-03T08:35:17","date_gmt":"2025-02-03T08:35:17","guid":{"rendered":"https:\/\/shop.fcr1899.com\/product\/avant-forma-kibrit-kirmizisi-halley\/"},"modified":"2025-03-05T08:50:38","modified_gmt":"2025-03-05T08:50:38","slug":"avant-forma-kibrit-kirmizisi-halley","status":"publish","type":"product","link":"https:\/\/shop.fcr1899.com\/tr\/boutique\/erkekler\/egitim-koleksiyonu\/avant-forma-kibrit-kirmizisi-halley\/","title":{"rendered":"Avant forma &#8211; Kibrit K\u0131rm\u0131z\u0131s\u0131 &#8211; HALLEY"},"content":{"rendered":"","protected":false},"excerpt":{"rendered":"<p><b>FC ROUEN 1899 Resmi Ma\u00e7\u0131 \u00d6ncesi Formas\u0131 \u2013 2024 &#8211; 2025 S\u00fcr\u00fcm\u00fc<\/b>  <\/p>\n<p>Renklerinizi gururla ta\u015f\u0131y\u0131n! Konfor ve performans\u0131 bir araya getiren bu resmi F.C.R formas\u0131, k\u0131rm\u0131z\u0131 yo\u011fun tasar\u0131m\u0131 ve V yaka ile kollardaki beyaz detaylar\u0131 sayesinde \u015f\u0131k ve zamans\u0131z bir g\u00f6r\u00fcn\u00fcm sunar.  <\/p>\n<p><b>Nefes alabilen malzeme :<\/b> Nem transferi sa\u011flayarak maksimum konfor sunar  <br \/>\n<b>\u0130\u015flemeli logolar :<\/b> Kalp hizas\u0131nda F.C.R amblemi, g\u00f6\u011f\u00fcste Macron logosu  <br \/>\n<b>Ergonomik kesim :<\/b> Spor ve g\u00fcnl\u00fck kullan\u0131m i\u00e7in ideal hareket \u00f6zg\u00fcrl\u00fc\u011f\u00fc  <br \/>\n<b>\u00d6zenli detaylar :<\/b> Dikey \u015feritler sayesinde dokulu g\u00f6r\u00fcn\u00fcm  <br \/>\n<b>Kolay bak\u0131m :<\/b> 30\u00b0C\u2019de y\u0131kanabilir, kurutma makinesi kullan\u0131m\u0131 \u00f6nerilmez  <\/p>\n<p>FC Rouen tutkunlar\u0131 i\u00e7in vazge\u00e7ilmez bir par\u00e7a!<\/p>\n","protected":false},"featured_media":1899,"template":"","meta":{"_acf_changed":false},"product_brand":[],"product_cat":[198,200,202,204],"product_tag":[],"class_list":{"0":"post-3017","1":"product","2":"type-product","3":"status-publish","4":"has-post-thumbnail","6":"product_cat-erkekler","7":"product_cat-egitim-koleksiyonu","8":"product_cat-kadinlar","9":"product_cat-egitim-koleksiyonu-kadinlar","10":"product_shipping_class-nomal-shipping-tr","12":"first","13":"outofstock","14":"taxable","15":"shipping-taxable","16":"purchasable","17":"product-type-variable","18":"has-default-attributes","19":"add-to-wishlist-before_image"},"acf":[],"_links":{"self":[{"href":"https:\/\/shop.fcr1899.com\/tr\/wp-json\/wp\/v2\/product\/3017","targetHints":{"allow":["GET"]}}],"collection":[{"href":"https:\/\/shop.fcr1899.com\/tr\/wp-json\/wp\/v2\/product"}],"about":[{"href":"https:\/\/shop.fcr1899.com\/tr\/wp-json\/wp\/v2\/types\/product"}],"wp:featuredmedia":[{"embeddable":true,"href":"https:\/\/shop.fcr1899.com\/tr\/wp-json\/wp\/v2\/media\/1899"}],"wp:attachment":[{"href":"https:\/\/shop.fcr1899.com\/tr\/wp-json\/wp\/v2\/media?parent=3017"}],"wp:term":[{"taxonomy":"product_brand","embeddable":true,"href":"https:\/\/shop.fcr1899.com\/tr\/wp-json\/wp\/v2\/product_brand?post=3017"},{"taxonomy":"product_cat","embeddable":true,"href":"https:\/\/shop.fcr1899.com\/tr\/wp-json\/wp\/v2\/product_cat?post=3017"},{"taxonomy":"product_tag","embeddable":true,"href":"https:\/\/shop.fcr1899.com\/tr\/wp-json\/wp\/v2\/product_tag?post=3017"}],"curies":[{"name":"wp","href":"https:\/\/api.w.org\/{rel}","templated":true}]}}