{"id":2972,"date":"2025-02-03T08:19:46","date_gmt":"2025-02-03T08:19:46","guid":{"rendered":"https:\/\/shop.fcr1899.com\/product\/tee-gomlek-fc-rouen-1899-2\/"},"modified":"2025-02-14T06:48:00","modified_gmt":"2025-02-14T06:48:00","slug":"tee-gomlek-fc-rouen-1899-2","status":"publish","type":"product","link":"https:\/\/shop.fcr1899.com\/tr\/boutique\/erkekler\/moda-koleksiyonu\/tee-gomlek-fc-rouen-1899-2\/","title":{"rendered":"Tee &#8211; G\u00f6mlek FC ROUEN 1899"},"content":{"rendered":"","protected":false},"excerpt":{"rendered":"<p>Bu beyaz ti\u015f\u00f6rt ile tarz\u0131n\u0131z\u0131 ortaya koyun; hem rahat hem de sportif bir g\u00f6r\u00fcn\u00fcm i\u00e7in m\u00fckemmel bir se\u00e7im. Yumu\u015fak ve nefes alabilir pamuktan \u00fcretilen ti\u015f\u00f6rt, g\u00fcn boyu konfor sa\u011flar. Minimalist tasar\u0131m\u0131, g\u00f6\u011f\u00fcste yer alan sade bask\u0131l\u0131 arma ile zenginle\u015ftirilmi\u015f ve \u00f6zg\u00fcn bir zarafet kat\u0131lm\u0131\u015ft\u0131r. Klasik kesimi ve yuvarlak yakas\u0131 ile bu ti\u015f\u00f6rt, g\u00fcnl\u00fck kullan\u0131m veya spor etkinliklerinde renklerinizi gururla sergilemek i\u00e7in idealdir.<\/p>\n","protected":false},"featured_media":2206,"template":"","meta":{"_acf_changed":false},"product_brand":[],"product_cat":[198,199,202,205],"product_tag":[],"class_list":{"0":"post-2972","1":"product","2":"type-product","3":"status-publish","4":"has-post-thumbnail","6":"product_cat-erkekler","7":"product_cat-moda-koleksiyonu","8":"product_cat-kadinlar","9":"product_cat-moda-koleksiyonu-kadinlar","10":"product_shipping_class-nomal-shipping-tr","12":"first","13":"instock","14":"taxable","15":"shipping-taxable","16":"purchasable","17":"product-type-variable","18":"has-default-attributes","19":"add-to-wishlist-before_image"},"acf":[],"_links":{"self":[{"href":"https:\/\/shop.fcr1899.com\/tr\/wp-json\/wp\/v2\/product\/2972","targetHints":{"allow":["GET"]}}],"collection":[{"href":"https:\/\/shop.fcr1899.com\/tr\/wp-json\/wp\/v2\/product"}],"about":[{"href":"https:\/\/shop.fcr1899.com\/tr\/wp-json\/wp\/v2\/types\/product"}],"wp:featuredmedia":[{"embeddable":true,"href":"https:\/\/shop.fcr1899.com\/tr\/wp-json\/wp\/v2\/media\/2206"}],"wp:attachment":[{"href":"https:\/\/shop.fcr1899.com\/tr\/wp-json\/wp\/v2\/media?parent=2972"}],"wp:term":[{"taxonomy":"product_brand","embeddable":true,"href":"https:\/\/shop.fcr1899.com\/tr\/wp-json\/wp\/v2\/product_brand?post=2972"},{"taxonomy":"product_cat","embeddable":true,"href":"https:\/\/shop.fcr1899.com\/tr\/wp-json\/wp\/v2\/product_cat?post=2972"},{"taxonomy":"product_tag","embeddable":true,"href":"https:\/\/shop.fcr1899.com\/tr\/wp-json\/wp\/v2\/product_tag?post=2972"}],"curies":[{"name":"wp","href":"https:\/\/api.w.org\/{rel}","templated":true}]}}