{"id":2911,"date":"2025-02-03T08:38:08","date_gmt":"2025-02-03T08:38:08","guid":{"rendered":"https:\/\/shop.fcr1899.com\/product\/egitim-pantolonu\/"},"modified":"2025-03-05T08:48:14","modified_gmt":"2025-03-05T08:48:14","slug":"egitim-pantolonu","status":"publish","type":"product","link":"https:\/\/shop.fcr1899.com\/tr\/boutique\/kadinlar\/egitim-koleksiyonu-kadinlar\/egitim-pantolonu\/","title":{"rendered":"E\u011fitim Pantolonu"},"content":{"rendered":"","protected":false},"excerpt":{"rendered":"<p><b>FC ROUEN 1899 Resmi Antrenman Pantolonu \u2013 2024 &#8211; 2025 S\u00fcr\u00fcm\u00fc<\/b><\/p>\n<p>Bu antrenman pantolonu, esnek ve nefes alabilen kuma\u015f\u0131yla konfor ve stili bir araya getiriyor. Fermuarl\u0131 cepler ve ayarlanabilir bel band\u0131na sahip olup, spor veya dinlenme i\u00e7in m\u00fckemmeldir.<\/p>\n<p>FC Rouen&#8217;in bu vazge\u00e7ilmez par\u00e7as\u0131n\u0131 ka\u00e7\u0131rmay\u0131n!<\/p>\n","protected":false},"featured_media":2261,"template":"","meta":{"_acf_changed":false},"product_brand":[],"product_cat":[198,204,200,202],"product_tag":[],"class_list":{"0":"post-2911","1":"product","2":"type-product","3":"status-publish","4":"has-post-thumbnail","6":"product_cat-erkekler","7":"product_cat-egitim-koleksiyonu-kadinlar","8":"product_cat-egitim-koleksiyonu","9":"product_cat-kadinlar","10":"product_shipping_class-nomal-shipping-tr","12":"first","13":"instock","14":"taxable","15":"shipping-taxable","16":"purchasable","17":"product-type-variable","18":"has-default-attributes","19":"add-to-wishlist-before_image"},"acf":[],"_links":{"self":[{"href":"https:\/\/shop.fcr1899.com\/tr\/wp-json\/wp\/v2\/product\/2911","targetHints":{"allow":["GET"]}}],"collection":[{"href":"https:\/\/shop.fcr1899.com\/tr\/wp-json\/wp\/v2\/product"}],"about":[{"href":"https:\/\/shop.fcr1899.com\/tr\/wp-json\/wp\/v2\/types\/product"}],"wp:featuredmedia":[{"embeddable":true,"href":"https:\/\/shop.fcr1899.com\/tr\/wp-json\/wp\/v2\/media\/2261"}],"wp:attachment":[{"href":"https:\/\/shop.fcr1899.com\/tr\/wp-json\/wp\/v2\/media?parent=2911"}],"wp:term":[{"taxonomy":"product_brand","embeddable":true,"href":"https:\/\/shop.fcr1899.com\/tr\/wp-json\/wp\/v2\/product_brand?post=2911"},{"taxonomy":"product_cat","embeddable":true,"href":"https:\/\/shop.fcr1899.com\/tr\/wp-json\/wp\/v2\/product_cat?post=2911"},{"taxonomy":"product_tag","embeddable":true,"href":"https:\/\/shop.fcr1899.com\/tr\/wp-json\/wp\/v2\/product_tag?post=2911"}],"curies":[{"name":"wp","href":"https:\/\/api.w.org\/{rel}","templated":true}]}}