{"id":2902,"date":"2025-02-03T08:10:28","date_gmt":"2025-02-03T08:10:28","guid":{"rendered":"https:\/\/shop.fcr1899.com\/product\/koltuk-kapagi\/"},"modified":"2025-03-05T10:21:23","modified_gmt":"2025-03-05T10:21:23","slug":"koltuk-kapagi","status":"publish","type":"product","link":"https:\/\/shop.fcr1899.com\/tr\/boutique\/aksesuarlar\/aksesuar-koleksiyonu\/koltuk-kapagi\/","title":{"rendered":"KOLTUK KAPA\u011eI"},"content":{"rendered":"","protected":false},"excerpt":{"rendered":"<p><b>FC Rouen 1899 Battaniyesi &#8211; 125. Y\u0131l \u00d6zel Edisyonu<\/b>  <\/p>\n<p>Spor deneyiminize konfor ve ayr\u0131cal\u0131k kat\u0131n! Bu stadyum koltuk k\u0131l\u0131f\u0131, sert koltuklara m\u00fckemmel \u015fekilde uyum sa\u011flayacak \u015fekilde tasarlanm\u0131\u015ft\u0131r. Ekstra dolgu ve \u015f\u0131k tasar\u0131m\u0131yla konforu yeniden tan\u0131ml\u0131yor.<\/p>\n","protected":false},"featured_media":2613,"template":"","meta":{"_acf_changed":false},"product_brand":[],"product_cat":[247,209],"product_tag":[],"class_list":{"0":"post-2902","1":"product","2":"type-product","3":"status-publish","4":"has-post-thumbnail","6":"product_cat-aksesuar-koleksiyonu","7":"product_cat-aksesuarlar","8":"product_shipping_class-nomal-shipping-tr","10":"first","11":"instock","12":"taxable","13":"shipping-taxable","14":"purchasable","15":"product-type-variable","16":"has-default-attributes","17":"add-to-wishlist-before_image"},"acf":[],"_links":{"self":[{"href":"https:\/\/shop.fcr1899.com\/tr\/wp-json\/wp\/v2\/product\/2902","targetHints":{"allow":["GET"]}}],"collection":[{"href":"https:\/\/shop.fcr1899.com\/tr\/wp-json\/wp\/v2\/product"}],"about":[{"href":"https:\/\/shop.fcr1899.com\/tr\/wp-json\/wp\/v2\/types\/product"}],"wp:featuredmedia":[{"embeddable":true,"href":"https:\/\/shop.fcr1899.com\/tr\/wp-json\/wp\/v2\/media\/2613"}],"wp:attachment":[{"href":"https:\/\/shop.fcr1899.com\/tr\/wp-json\/wp\/v2\/media?parent=2902"}],"wp:term":[{"taxonomy":"product_brand","embeddable":true,"href":"https:\/\/shop.fcr1899.com\/tr\/wp-json\/wp\/v2\/product_brand?post=2902"},{"taxonomy":"product_cat","embeddable":true,"href":"https:\/\/shop.fcr1899.com\/tr\/wp-json\/wp\/v2\/product_cat?post=2902"},{"taxonomy":"product_tag","embeddable":true,"href":"https:\/\/shop.fcr1899.com\/tr\/wp-json\/wp\/v2\/product_tag?post=2902"}],"curies":[{"name":"wp","href":"https:\/\/api.w.org\/{rel}","templated":true}]}}