{"id":2854,"date":"2025-02-03T08:39:13","date_gmt":"2025-02-03T08:39:13","guid":{"rendered":"https:\/\/shop.fcr1899.com\/product\/mavi-antrenman-ceketi\/"},"modified":"2025-03-05T08:46:53","modified_gmt":"2025-03-05T08:46:53","slug":"mavi-antrenman-ceketi","status":"publish","type":"product","link":"https:\/\/shop.fcr1899.com\/tr\/boutique\/erkekler\/egitim-koleksiyonu\/mavi-antrenman-ceketi\/","title":{"rendered":"Mavi Antrenman Ceketi"},"content":{"rendered":"","protected":false},"excerpt":{"rendered":"<p><b>FC ROUEN 1899 Resmi Antrenman Ceketi \u2013 2024 &#8211; 2025 S\u00fcr\u00fcm\u00fc<\/b><\/p>\n<p>Bu \u015f\u0131k ve rahat mavi ceketle FC Rouen&#8217;in renklerini gururla sergileyin. Fermuarl\u0131 kapama, y\u00fcksek yaka ve fermuarl\u0131 ceplere sahip olup, spor veya g\u00fcnl\u00fck kullan\u0131m i\u00e7in idealdir.<\/p>\n<p>Bu \u00f6zel s\u00fcr\u00fcm\u00fc ka\u00e7\u0131rmay\u0131n!<\/p>\n","protected":false},"featured_media":1854,"template":"","meta":{"_acf_changed":false},"product_brand":[],"product_cat":[198,200,202,204],"product_tag":[],"class_list":{"0":"post-2854","1":"product","2":"type-product","3":"status-publish","4":"has-post-thumbnail","6":"product_cat-erkekler","7":"product_cat-egitim-koleksiyonu","8":"product_cat-kadinlar","9":"product_cat-egitim-koleksiyonu-kadinlar","10":"product_shipping_class-nomal-shipping-tr","12":"first","13":"instock","14":"taxable","15":"shipping-taxable","16":"purchasable","17":"product-type-variable","18":"has-default-attributes","19":"add-to-wishlist-before_image"},"acf":[],"_links":{"self":[{"href":"https:\/\/shop.fcr1899.com\/tr\/wp-json\/wp\/v2\/product\/2854","targetHints":{"allow":["GET"]}}],"collection":[{"href":"https:\/\/shop.fcr1899.com\/tr\/wp-json\/wp\/v2\/product"}],"about":[{"href":"https:\/\/shop.fcr1899.com\/tr\/wp-json\/wp\/v2\/types\/product"}],"wp:featuredmedia":[{"embeddable":true,"href":"https:\/\/shop.fcr1899.com\/tr\/wp-json\/wp\/v2\/media\/1854"}],"wp:attachment":[{"href":"https:\/\/shop.fcr1899.com\/tr\/wp-json\/wp\/v2\/media?parent=2854"}],"wp:term":[{"taxonomy":"product_brand","embeddable":true,"href":"https:\/\/shop.fcr1899.com\/tr\/wp-json\/wp\/v2\/product_brand?post=2854"},{"taxonomy":"product_cat","embeddable":true,"href":"https:\/\/shop.fcr1899.com\/tr\/wp-json\/wp\/v2\/product_cat?post=2854"},{"taxonomy":"product_tag","embeddable":true,"href":"https:\/\/shop.fcr1899.com\/tr\/wp-json\/wp\/v2\/product_tag?post=2854"}],"curies":[{"name":"wp","href":"https:\/\/api.w.org\/{rel}","templated":true}]}}