{"id":2830,"date":"2025-02-03T08:48:03","date_gmt":"2025-02-03T08:48:03","guid":{"rendered":"https:\/\/shop.fcr1899.com\/product\/resmi-deplasman-formasi-kara-kartal\/"},"modified":"2025-03-05T08:21:09","modified_gmt":"2025-03-05T08:21:09","slug":"resmi-deplasman-formasi-kara-kartal","status":"publish","type":"product","link":"https:\/\/shop.fcr1899.com\/tr\/boutique\/kadinlar\/resmi-gomlek-koleksiyonu-kadinlar\/resmi-deplasman-formasi-kara-kartal\/","title":{"rendered":"Resmi deplasman formas\u0131 &#8211; Black Eagle"},"content":{"rendered":"","protected":false},"excerpt":{"rendered":"<p><b>FC ROUEN 1899 Resmi D\u0131\u015f Ma\u011fazas\u0131 &#8211; 2024 &#8211; 2025 S\u00fcr\u00fcm\u00fc<\/b><\/p>\n<p>K\u0131rm\u0131z\u0131 \u015eeytanlara olan tutkunuzu bu d\u0131\u015f maillot ile sergileyin!<\/p>\n<p><b>\u015e\u0131k Tasar\u0131m:<\/b> \u0130konik beyaz, k\u0131rm\u0131z\u0131 yaka, gri zambak motifleri.  <br \/>\n<b>Konfor &#038; Performans:<\/b> Nefes alabilen kuma\u015f, dar kesim, ter emici teknoloji.  <br \/>\n<b>\u00d6zg\u00fcn Detaylar:<\/b> Kul\u00fcp amblemi, resmi sponsorlar, kurulu\u015f tarihi (1899).<\/p>\n","protected":false},"featured_media":2407,"template":"","meta":{"_acf_changed":false},"product_brand":[],"product_cat":[198,203,202,201],"product_tag":[298],"class_list":{"0":"post-2830","1":"product","2":"type-product","3":"status-publish","4":"has-post-thumbnail","6":"product_cat-erkekler","7":"product_cat-resmi-gomlek-koleksiyonu-kadinlar","8":"product_cat-kadinlar","9":"product_cat-resmi-gomlek-koleksiyonu","10":"product_tag-forma","11":"product_shipping_class-nomal-shipping-tr","13":"first","14":"outofstock","15":"taxable","16":"shipping-taxable","17":"purchasable","18":"product-type-variable","19":"has-default-attributes","20":"add-to-wishlist-before_image"},"acf":[],"_links":{"self":[{"href":"https:\/\/shop.fcr1899.com\/tr\/wp-json\/wp\/v2\/product\/2830","targetHints":{"allow":["GET"]}}],"collection":[{"href":"https:\/\/shop.fcr1899.com\/tr\/wp-json\/wp\/v2\/product"}],"about":[{"href":"https:\/\/shop.fcr1899.com\/tr\/wp-json\/wp\/v2\/types\/product"}],"wp:featuredmedia":[{"embeddable":true,"href":"https:\/\/shop.fcr1899.com\/tr\/wp-json\/wp\/v2\/media\/2407"}],"wp:attachment":[{"href":"https:\/\/shop.fcr1899.com\/tr\/wp-json\/wp\/v2\/media?parent=2830"}],"wp:term":[{"taxonomy":"product_brand","embeddable":true,"href":"https:\/\/shop.fcr1899.com\/tr\/wp-json\/wp\/v2\/product_brand?post=2830"},{"taxonomy":"product_cat","embeddable":true,"href":"https:\/\/shop.fcr1899.com\/tr\/wp-json\/wp\/v2\/product_cat?post=2830"},{"taxonomy":"product_tag","embeddable":true,"href":"https:\/\/shop.fcr1899.com\/tr\/wp-json\/wp\/v2\/product_tag?post=2830"}],"curies":[{"name":"wp","href":"https:\/\/api.w.org\/{rel}","templated":true}]}}