{"id":2654,"date":"2025-02-03T08:33:20","date_gmt":"2025-02-03T08:33:20","guid":{"rendered":"https:\/\/shop.fcr1899.com\/product\/kolsuz-asagi-ceket-siyah\/"},"modified":"2025-03-05T09:14:36","modified_gmt":"2025-03-05T09:14:36","slug":"kolsuz-asagi-ceket-siyah","status":"publish","type":"product","link":"https:\/\/shop.fcr1899.com\/tr\/boutique\/erkekler\/moda-koleksiyonu\/kolsuz-asagi-ceket-siyah\/","title":{"rendered":"Kolsuz A\u015fa\u011f\u0131 Ceket Siyah"},"content":{"rendered":"","protected":false},"excerpt":{"rendered":"<p><b>Kolsuz a\u015fa\u011f\u0131 ceket <\/b><\/p>\n<p>Kul\u00fcp renklerine sahip bu kapitone ceket ile s\u0131cakl\u0131k, konfor ve stili bir araya getirin.<\/p>\n<p>Optimum yal\u0131t\u0131m sa\u011flamak \u00fczere tasarlanan bu \u00fcr\u00fcn, maksimum hareket \u00f6zg\u00fcrl\u00fc\u011f\u00fcn\u00fc garanti ederken serin g\u00fcnler i\u00e7in idealdir. Siyah rengi ve \u015f\u0131k tasar\u0131m\u0131, onu g\u00fcnl\u00fck kullan\u0131m i\u00e7in \u00e7ok y\u00f6nl\u00fc bir par\u00e7a haline getirir. <\/p>\n","protected":false},"featured_media":1975,"template":"","meta":{"_acf_changed":false},"product_brand":[],"product_cat":[198,199,202,205],"product_tag":[],"class_list":{"0":"post-2654","1":"product","2":"type-product","3":"status-publish","4":"has-post-thumbnail","6":"product_cat-erkekler","7":"product_cat-moda-koleksiyonu","8":"product_cat-kadinlar","9":"product_cat-moda-koleksiyonu-kadinlar","10":"product_shipping_class-nomal-shipping-tr","12":"first","13":"instock","14":"taxable","15":"shipping-taxable","16":"purchasable","17":"product-type-variable","18":"has-default-attributes","19":"add-to-wishlist-before_image"},"acf":[],"_links":{"self":[{"href":"https:\/\/shop.fcr1899.com\/tr\/wp-json\/wp\/v2\/product\/2654","targetHints":{"allow":["GET"]}}],"collection":[{"href":"https:\/\/shop.fcr1899.com\/tr\/wp-json\/wp\/v2\/product"}],"about":[{"href":"https:\/\/shop.fcr1899.com\/tr\/wp-json\/wp\/v2\/types\/product"}],"wp:featuredmedia":[{"embeddable":true,"href":"https:\/\/shop.fcr1899.com\/tr\/wp-json\/wp\/v2\/media\/1975"}],"wp:attachment":[{"href":"https:\/\/shop.fcr1899.com\/tr\/wp-json\/wp\/v2\/media?parent=2654"}],"wp:term":[{"taxonomy":"product_brand","embeddable":true,"href":"https:\/\/shop.fcr1899.com\/tr\/wp-json\/wp\/v2\/product_brand?post=2654"},{"taxonomy":"product_cat","embeddable":true,"href":"https:\/\/shop.fcr1899.com\/tr\/wp-json\/wp\/v2\/product_cat?post=2654"},{"taxonomy":"product_tag","embeddable":true,"href":"https:\/\/shop.fcr1899.com\/tr\/wp-json\/wp\/v2\/product_tag?post=2654"}],"curies":[{"name":"wp","href":"https:\/\/api.w.org\/{rel}","templated":true}]}}