{"id":2602,"date":"2025-02-03T08:13:19","date_gmt":"2025-02-03T08:13:19","guid":{"rendered":"https:\/\/shop.fcr1899.com\/product\/fc-rouen-esarp\/"},"modified":"2025-02-11T13:40:15","modified_gmt":"2025-02-11T13:40:15","slug":"fc-rouen-esarp","status":"publish","type":"product","link":"https:\/\/shop.fcr1899.com\/tr\/boutique\/aksesuarlar\/aksesuar-koleksiyonu\/fc-rouen-esarp\/","title":{"rendered":"FC ROUEN E\u015eARP"},"content":{"rendered":"","protected":false},"excerpt":{"rendered":"<p>          <b>FC Rouen atk\u0131s\u0131 1899<\/b><\/p>\n","protected":false},"featured_media":2248,"template":"","meta":{"_acf_changed":false},"product_brand":[],"product_cat":[247,209],"product_tag":[],"class_list":{"0":"post-2602","1":"product","2":"type-product","3":"status-publish","4":"has-post-thumbnail","6":"product_cat-aksesuar-koleksiyonu","7":"product_cat-aksesuarlar","8":"product_shipping_class-nomal-shipping-tr","10":"first","11":"instock","12":"taxable","13":"shipping-taxable","14":"purchasable","15":"product-type-variable","16":"has-default-attributes","17":"add-to-wishlist-before_image"},"acf":[],"_links":{"self":[{"href":"https:\/\/shop.fcr1899.com\/tr\/wp-json\/wp\/v2\/product\/2602","targetHints":{"allow":["GET"]}}],"collection":[{"href":"https:\/\/shop.fcr1899.com\/tr\/wp-json\/wp\/v2\/product"}],"about":[{"href":"https:\/\/shop.fcr1899.com\/tr\/wp-json\/wp\/v2\/types\/product"}],"wp:featuredmedia":[{"embeddable":true,"href":"https:\/\/shop.fcr1899.com\/tr\/wp-json\/wp\/v2\/media\/2248"}],"wp:attachment":[{"href":"https:\/\/shop.fcr1899.com\/tr\/wp-json\/wp\/v2\/media?parent=2602"}],"wp:term":[{"taxonomy":"product_brand","embeddable":true,"href":"https:\/\/shop.fcr1899.com\/tr\/wp-json\/wp\/v2\/product_brand?post=2602"},{"taxonomy":"product_cat","embeddable":true,"href":"https:\/\/shop.fcr1899.com\/tr\/wp-json\/wp\/v2\/product_cat?post=2602"},{"taxonomy":"product_tag","embeddable":true,"href":"https:\/\/shop.fcr1899.com\/tr\/wp-json\/wp\/v2\/product_tag?post=2602"}],"curies":[{"name":"wp","href":"https:\/\/api.w.org\/{rel}","templated":true}]}}