{"id":2583,"date":"2025-02-03T08:51:03","date_gmt":"2025-02-03T08:51:03","guid":{"rendered":"https:\/\/shop.fcr1899.com\/product\/resmi-ev-formasi-alex-jet\/"},"modified":"2025-03-05T08:07:40","modified_gmt":"2025-03-05T08:07:40","slug":"resmi-ev-formasi-alex-jet","status":"publish","type":"product","link":"https:\/\/shop.fcr1899.com\/tr\/boutique\/kadinlar\/resmi-gomlek-koleksiyonu-kadinlar\/resmi-ev-formasi-alex-jet\/","title":{"rendered":"Resmi EV Formas\u0131 &#8211; Alex Jet"},"content":{"rendered":"","protected":false},"excerpt":{"rendered":"<p>F<b>C ROUEN 1899 Resmi \u0130\u00e7 Saha Formas\u0131 &#8211; Edition 2024 &#8211; 2025<\/b><\/p>\n<p>Bu i\u00e7 saha formas\u0131yla K\u0131rm\u0131z\u0131 \u015eeytanlara olan tutkunuzu g\u00f6sterin!<\/p>\n<p><b>Zarif tasar\u0131m<\/b>:\u0130konik k\u0131rm\u0131z\u0131, beyaz yaka, ton s\u00fcr ton motifler.<br \/>\n<b>Konfor ve Performans:<\/b> Nefes alabilen kuma\u015f, dar kesim, terleme \u00f6nleyici teknoloji.<br \/>\n<b>Otantik detaylar:<\/b> Kul\u00fcp armas\u0131, resmi sponsorlar, yarat\u0131l\u0131\u015f tarihi (1899).<\/p>\n","protected":false},"featured_media":1640,"template":"","meta":{"_acf_changed":false},"product_brand":[],"product_cat":[203,198,202,201],"product_tag":[298],"class_list":{"0":"post-2583","1":"product","2":"type-product","3":"status-publish","4":"has-post-thumbnail","6":"product_cat-resmi-gomlek-koleksiyonu-kadinlar","7":"product_cat-erkekler","8":"product_cat-kadinlar","9":"product_cat-resmi-gomlek-koleksiyonu","10":"product_tag-forma","11":"product_shipping_class-nomal-shipping-tr","13":"first","14":"outofstock","15":"taxable","16":"shipping-taxable","17":"purchasable","18":"product-type-variable","19":"has-default-attributes","20":"add-to-wishlist-before_image"},"acf":[],"_links":{"self":[{"href":"https:\/\/shop.fcr1899.com\/tr\/wp-json\/wp\/v2\/product\/2583","targetHints":{"allow":["GET"]}}],"collection":[{"href":"https:\/\/shop.fcr1899.com\/tr\/wp-json\/wp\/v2\/product"}],"about":[{"href":"https:\/\/shop.fcr1899.com\/tr\/wp-json\/wp\/v2\/types\/product"}],"wp:featuredmedia":[{"embeddable":true,"href":"https:\/\/shop.fcr1899.com\/tr\/wp-json\/wp\/v2\/media\/1640"}],"wp:attachment":[{"href":"https:\/\/shop.fcr1899.com\/tr\/wp-json\/wp\/v2\/media?parent=2583"}],"wp:term":[{"taxonomy":"product_brand","embeddable":true,"href":"https:\/\/shop.fcr1899.com\/tr\/wp-json\/wp\/v2\/product_brand?post=2583"},{"taxonomy":"product_cat","embeddable":true,"href":"https:\/\/shop.fcr1899.com\/tr\/wp-json\/wp\/v2\/product_cat?post=2583"},{"taxonomy":"product_tag","embeddable":true,"href":"https:\/\/shop.fcr1899.com\/tr\/wp-json\/wp\/v2\/product_tag?post=2583"}],"curies":[{"name":"wp","href":"https:\/\/api.w.org\/{rel}","templated":true}]}}